{"id":3510,"date":"2025-07-28T19:26:51","date_gmt":"2025-07-28T19:26:51","guid":{"rendered":"https:\/\/theepicedge.cl\/?post_type=product&#038;p=3510"},"modified":"2025-07-28T19:28:51","modified_gmt":"2025-07-28T19:28:51","slug":"heli-bike-pacific-andes-bike-single-day","status":"publish","type":"product","link":"https:\/\/theepicedge.cl\/es\/producto\/heli-bike-pacific-andes-bike-single-day\/","title":{"rendered":"Heli Bike &#8211; Pacific &#038; Andes Bike &#8211; Single Day"},"content":{"rendered":"<div>Asciende en helic\u00f3ptero hasta los picos ind\u00f3mitos de Chile y desciende por senderos pr\u00edstinos, desde bajadas aptas para principiantes hasta ca\u00eddas llenas de adrenalina a 4.000 metros de altura. Con bicicletas Commencal como compa\u00f1eras, avista zorros salvajes, c\u00f3ndores y caballos mientras recorres los Andes. Combina tu ruta con la famosa ruta del vino chileno y disfruta de asados inolvidables: una aventura tan audaz como t\u00fa.<\/div>","protected":false},"excerpt":{"rendered":"<p>Ascend by helicopter to Chile\u2019s untamed peaks, then shred down pristine trails from beginner-friendly descents to adrenaline-pumping drops at 13,000 feet. With Commencal Bikes as your steed, spot wild foxes, condors, and horses while carving through the Andes. Pair your ride with Chile\u2019s famed wine route and savor epic asados\u2014an adventure that\u2019s as bold as [&hellip;]<\/p>","protected":false},"featured_media":1890,"comment_status":"open","ping_status":"closed","template":"","meta":{"_acf_changed":false,"_glsr_average":0,"_glsr_ranking":0,"_glsr_reviews":0},"product_brand":[],"product_cat":[78,53,54,55,95],"product_tag":[],"class_list":{"0":"post-3510","1":"product","2":"type-product","3":"status-publish","4":"has-post-thumbnail","6":"product_cat-central-chile","7":"product_cat-epic-bike","8":"product_cat-extreme-sports","9":"product_cat-light-sports","10":"product_cat-single-day-experiences","12":"first","13":"instock","14":"featured","15":"shipping-taxable","16":"purchasable","17":"product-type-variable"},"acf":[],"yoast_head":"<!-- This site is optimized with the Yoast SEO plugin v26.2 - https:\/\/yoast.com\/wordpress\/plugins\/seo\/ -->\n<title>Heli Bike - Pacific &amp; Andes Bike - Single Day - EpicEdge<\/title>\n<meta name=\"robots\" content=\"index, follow, max-snippet:-1, max-image-preview:large, max-video-preview:-1\" \/>\n<link rel=\"canonical\" href=\"https:\/\/theepicedge.cl\/es\/producto\/heli-bike-pacific-andes-bike-single-day\/\" \/>\n<meta property=\"og:locale\" content=\"es_ES\" \/>\n<meta property=\"og:type\" content=\"article\" \/>\n<meta property=\"og:title\" content=\"Heli Bike - Pacific &amp; Andes Bike - Single Day - EpicEdge\" \/>\n<meta property=\"og:description\" content=\"Ascend by helicopter to Chile\u2019s untamed peaks, then shred down pristine trails from beginner-friendly descents to adrenaline-pumping drops at 13,000 feet. With Commencal Bikes as your steed, spot wild foxes, condors, and horses while carving through the Andes. Pair your ride with Chile\u2019s famed wine route and savor epic asados\u2014an adventure that\u2019s as bold as [&hellip;]\" \/>\n<meta property=\"og:url\" content=\"https:\/\/theepicedge.cl\/es\/producto\/heli-bike-pacific-andes-bike-single-day\/\" \/>\n<meta property=\"og:site_name\" content=\"EpicEdge\" \/>\n<meta property=\"article:modified_time\" content=\"2025-07-28T19:28:51+00:00\" \/>\n<meta property=\"og:image\" content=\"https:\/\/theepicedge.cl\/wp-content\/uploads\/2025\/03\/05162016_HELIBIKE_01.webp\" \/>\n\t<meta property=\"og:image:width\" content=\"1800\" \/>\n\t<meta property=\"og:image:height\" content=\"1201\" \/>\n\t<meta property=\"og:image:type\" content=\"image\/webp\" \/>\n<meta name=\"twitter:card\" content=\"summary_large_image\" \/>\n<meta name=\"twitter:label1\" content=\"Tiempo estimado de lectura\" \/>\n\t<meta name=\"twitter:data1\" content=\"1 minuto\" \/>\n<script type=\"application\/ld+json\" class=\"yoast-schema-graph\">{\"@context\":\"https:\/\/schema.org\",\"@graph\":[{\"@type\":\"WebPage\",\"@id\":\"https:\/\/theepicedge.cl\/product\/heli-bike-pacific-andes-bike-single-day\/\",\"url\":\"https:\/\/theepicedge.cl\/product\/heli-bike-pacific-andes-bike-single-day\/\",\"name\":\"Heli Bike - Pacific & Andes Bike - Single Day - EpicEdge\",\"isPartOf\":{\"@id\":\"https:\/\/theepicedge.cl\/#website\"},\"primaryImageOfPage\":{\"@id\":\"https:\/\/theepicedge.cl\/product\/heli-bike-pacific-andes-bike-single-day\/#primaryimage\"},\"image\":{\"@id\":\"https:\/\/theepicedge.cl\/product\/heli-bike-pacific-andes-bike-single-day\/#primaryimage\"},\"thumbnailUrl\":\"https:\/\/theepicedge.cl\/wp-content\/uploads\/2025\/03\/05162016_HELIBIKE_01.webp\",\"datePublished\":\"2025-07-28T19:26:51+00:00\",\"dateModified\":\"2025-07-28T19:28:51+00:00\",\"breadcrumb\":{\"@id\":\"https:\/\/theepicedge.cl\/product\/heli-bike-pacific-andes-bike-single-day\/#breadcrumb\"},\"inLanguage\":\"es-CL\",\"potentialAction\":[{\"@type\":\"ReadAction\",\"target\":[\"https:\/\/theepicedge.cl\/product\/heli-bike-pacific-andes-bike-single-day\/\"]}]},{\"@type\":\"ImageObject\",\"inLanguage\":\"es-CL\",\"@id\":\"https:\/\/theepicedge.cl\/product\/heli-bike-pacific-andes-bike-single-day\/#primaryimage\",\"url\":\"https:\/\/theepicedge.cl\/wp-content\/uploads\/2025\/03\/05162016_HELIBIKE_01.webp\",\"contentUrl\":\"https:\/\/theepicedge.cl\/wp-content\/uploads\/2025\/03\/05162016_HELIBIKE_01.webp\",\"width\":1800,\"height\":1201},{\"@type\":\"BreadcrumbList\",\"@id\":\"https:\/\/theepicedge.cl\/product\/heli-bike-pacific-andes-bike-single-day\/#breadcrumb\",\"itemListElement\":[{\"@type\":\"ListItem\",\"position\":1,\"name\":\"Home\",\"item\":\"https:\/\/theepicedge.cl\/\"},{\"@type\":\"ListItem\",\"position\":2,\"name\":\"Productos\",\"item\":\"https:\/\/theepicedge.cl\/es\/shop\/\"},{\"@type\":\"ListItem\",\"position\":3,\"name\":\"Heli Bike &#8211; Pacific &#038; Andes Bike &#8211; Single Day\"}]},{\"@type\":\"WebSite\",\"@id\":\"https:\/\/theepicedge.cl\/#website\",\"url\":\"https:\/\/theepicedge.cl\/\",\"name\":\"EpicEdge\",\"description\":\"The world most epic adventures\",\"publisher\":{\"@id\":\"https:\/\/theepicedge.cl\/#organization\"},\"potentialAction\":[{\"@type\":\"SearchAction\",\"target\":{\"@type\":\"EntryPoint\",\"urlTemplate\":\"https:\/\/theepicedge.cl\/?s={search_term_string}\"},\"query-input\":{\"@type\":\"PropertyValueSpecification\",\"valueRequired\":true,\"valueName\":\"search_term_string\"}}],\"inLanguage\":\"es-CL\"},{\"@type\":\"Organization\",\"@id\":\"https:\/\/theepicedge.cl\/#organization\",\"name\":\"EpicEdge\",\"url\":\"https:\/\/theepicedge.cl\/\",\"logo\":{\"@type\":\"ImageObject\",\"inLanguage\":\"es-CL\",\"@id\":\"https:\/\/theepicedge.cl\/#\/schema\/logo\/image\/\",\"url\":\"https:\/\/theepicedge.cl\/wp-content\/uploads\/2025\/02\/LogoNegroRosado.png\",\"contentUrl\":\"https:\/\/theepicedge.cl\/wp-content\/uploads\/2025\/02\/LogoNegroRosado.png\",\"width\":2003,\"height\":2211,\"caption\":\"EpicEdge\"},\"image\":{\"@id\":\"https:\/\/theepicedge.cl\/#\/schema\/logo\/image\/\"}}]}<\/script>\n<!-- \/ Yoast SEO plugin. -->","yoast_head_json":{"title":"Heli Bike - Pacific & Andes Bike - Single Day - EpicEdge","robots":{"index":"index","follow":"follow","max-snippet":"max-snippet:-1","max-image-preview":"max-image-preview:large","max-video-preview":"max-video-preview:-1"},"canonical":"https:\/\/theepicedge.cl\/es\/producto\/heli-bike-pacific-andes-bike-single-day\/","og_locale":"es_ES","og_type":"article","og_title":"Heli Bike - Pacific & Andes Bike - Single Day - EpicEdge","og_description":"Ascend by helicopter to Chile\u2019s untamed peaks, then shred down pristine trails from beginner-friendly descents to adrenaline-pumping drops at 13,000 feet. With Commencal Bikes as your steed, spot wild foxes, condors, and horses while carving through the Andes. Pair your ride with Chile\u2019s famed wine route and savor epic asados\u2014an adventure that\u2019s as bold as [&hellip;]","og_url":"https:\/\/theepicedge.cl\/es\/producto\/heli-bike-pacific-andes-bike-single-day\/","og_site_name":"EpicEdge","article_modified_time":"2025-07-28T19:28:51+00:00","og_image":[{"width":1800,"height":1201,"url":"https:\/\/theepicedge.cl\/wp-content\/uploads\/2025\/03\/05162016_HELIBIKE_01.webp","type":"image\/webp"}],"twitter_card":"summary_large_image","twitter_misc":{"Tiempo estimado de lectura":"1 minuto"},"schema":{"@context":"https:\/\/schema.org","@graph":[{"@type":"WebPage","@id":"https:\/\/theepicedge.cl\/product\/heli-bike-pacific-andes-bike-single-day\/","url":"https:\/\/theepicedge.cl\/product\/heli-bike-pacific-andes-bike-single-day\/","name":"Heli Bike - Pacific & Andes Bike - Single Day - EpicEdge","isPartOf":{"@id":"https:\/\/theepicedge.cl\/#website"},"primaryImageOfPage":{"@id":"https:\/\/theepicedge.cl\/product\/heli-bike-pacific-andes-bike-single-day\/#primaryimage"},"image":{"@id":"https:\/\/theepicedge.cl\/product\/heli-bike-pacific-andes-bike-single-day\/#primaryimage"},"thumbnailUrl":"https:\/\/theepicedge.cl\/wp-content\/uploads\/2025\/03\/05162016_HELIBIKE_01.webp","datePublished":"2025-07-28T19:26:51+00:00","dateModified":"2025-07-28T19:28:51+00:00","breadcrumb":{"@id":"https:\/\/theepicedge.cl\/product\/heli-bike-pacific-andes-bike-single-day\/#breadcrumb"},"inLanguage":"es-CL","potentialAction":[{"@type":"ReadAction","target":["https:\/\/theepicedge.cl\/product\/heli-bike-pacific-andes-bike-single-day\/"]}]},{"@type":"ImageObject","inLanguage":"es-CL","@id":"https:\/\/theepicedge.cl\/product\/heli-bike-pacific-andes-bike-single-day\/#primaryimage","url":"https:\/\/theepicedge.cl\/wp-content\/uploads\/2025\/03\/05162016_HELIBIKE_01.webp","contentUrl":"https:\/\/theepicedge.cl\/wp-content\/uploads\/2025\/03\/05162016_HELIBIKE_01.webp","width":1800,"height":1201},{"@type":"BreadcrumbList","@id":"https:\/\/theepicedge.cl\/product\/heli-bike-pacific-andes-bike-single-day\/#breadcrumb","itemListElement":[{"@type":"ListItem","position":1,"name":"Home","item":"https:\/\/theepicedge.cl\/"},{"@type":"ListItem","position":2,"name":"Productos","item":"https:\/\/theepicedge.cl\/es\/shop\/"},{"@type":"ListItem","position":3,"name":"Heli Bike &#8211; Pacific &#038; Andes Bike &#8211; Single Day"}]},{"@type":"WebSite","@id":"https:\/\/theepicedge.cl\/#website","url":"https:\/\/theepicedge.cl\/","name":"EpicEdge","description":"The world most epic adventures","publisher":{"@id":"https:\/\/theepicedge.cl\/#organization"},"potentialAction":[{"@type":"SearchAction","target":{"@type":"EntryPoint","urlTemplate":"https:\/\/theepicedge.cl\/?s={search_term_string}"},"query-input":{"@type":"PropertyValueSpecification","valueRequired":true,"valueName":"search_term_string"}}],"inLanguage":"es-CL"},{"@type":"Organization","@id":"https:\/\/theepicedge.cl\/#organization","name":"EpicEdge","url":"https:\/\/theepicedge.cl\/","logo":{"@type":"ImageObject","inLanguage":"es-CL","@id":"https:\/\/theepicedge.cl\/#\/schema\/logo\/image\/","url":"https:\/\/theepicedge.cl\/wp-content\/uploads\/2025\/02\/LogoNegroRosado.png","contentUrl":"https:\/\/theepicedge.cl\/wp-content\/uploads\/2025\/02\/LogoNegroRosado.png","width":2003,"height":2211,"caption":"EpicEdge"},"image":{"@id":"https:\/\/theepicedge.cl\/#\/schema\/logo\/image\/"}}]}},"_links":{"self":[{"href":"https:\/\/theepicedge.cl\/es\/wp-json\/wp\/v2\/product\/3510","targetHints":{"allow":["GET"]}}],"collection":[{"href":"https:\/\/theepicedge.cl\/es\/wp-json\/wp\/v2\/product"}],"about":[{"href":"https:\/\/theepicedge.cl\/es\/wp-json\/wp\/v2\/types\/product"}],"replies":[{"embeddable":true,"href":"https:\/\/theepicedge.cl\/es\/wp-json\/wp\/v2\/comments?post=3510"}],"wp:featuredmedia":[{"embeddable":true,"href":"https:\/\/theepicedge.cl\/es\/wp-json\/wp\/v2\/media\/1890"}],"wp:attachment":[{"href":"https:\/\/theepicedge.cl\/es\/wp-json\/wp\/v2\/media?parent=3510"}],"wp:term":[{"taxonomy":"product_brand","embeddable":true,"href":"https:\/\/theepicedge.cl\/es\/wp-json\/wp\/v2\/product_brand?post=3510"},{"taxonomy":"product_cat","embeddable":true,"href":"https:\/\/theepicedge.cl\/es\/wp-json\/wp\/v2\/product_cat?post=3510"},{"taxonomy":"product_tag","embeddable":true,"href":"https:\/\/theepicedge.cl\/es\/wp-json\/wp\/v2\/product_tag?post=3510"}],"curies":[{"name":"wp","href":"https:\/\/api.w.org\/{rel}","templated":true}]}}