{"id":2441,"date":"2025-04-11T13:19:46","date_gmt":"2025-04-11T13:19:46","guid":{"rendered":"https:\/\/theepicedge.cl\/?post_type=product&#038;p=2441"},"modified":"2025-05-21T14:31:13","modified_gmt":"2025-05-21T14:31:13","slug":"snow-turing-hotel-chillan","status":"publish","type":"product","link":"https:\/\/theepicedge.cl\/es\/producto\/snow-turing-hotel-chillan\/","title":{"rendered":"Moto Nieve \u2013 Chill\u00e1n"},"content":{"rendered":"<div>Recorre la pr\u00edstina nieve polvo de Chile en una Ski-Doo Summit 850, explorando las laderas v\u00edrgenes de los Andes desde Matanzas hasta la Patagonia. Si\u00e9ntete como una estrella de rock al alcanzar la cima de picos v\u00edrgenes y luego disfruta de descensos \u00e9picos bajo las m\u00e1s hermosas puestas de sol. Disfruta de comidas de lujo preparadas por un chef junto a la chimenea en remotos paisajes nevados: una escapada llena de adrenalina para los reyes de la monta\u00f1a.<\/div>","protected":false},"excerpt":{"rendered":"<p>Recorre la pr\u00edstina nieve polvo de Chile en una Ski-Doo Summit 850, explorando las laderas v\u00edrgenes de los Andes desde Matanzas hasta la Patagonia. Si\u00e9ntete como una estrella de rock al alcanzar la cima de picos v\u00edrgenes y luego disfruta de descensos \u00e9picos bajo las m\u00e1s hermosas puestas de sol. Disfruta de comidas de lujo preparadas por un chef junto a la chimenea en remotos paisajes nevados: una escapada llena de adrenalina para los reyes de la monta\u00f1a.<\/p>","protected":false},"featured_media":2450,"comment_status":"open","ping_status":"closed","template":"","meta":{"_acf_changed":false,"_glsr_average":0,"_glsr_ranking":0,"_glsr_reviews":0},"product_brand":[],"product_cat":[41,54,79],"product_tag":[],"class_list":{"0":"post-2441","1":"product","2":"type-product","3":"status-publish","4":"has-post-thumbnail","6":"product_cat-epic-snow","7":"product_cat-extreme-sports","8":"product_cat-south-chile","10":"first","11":"instock","12":"featured","13":"shipping-taxable","14":"purchasable","15":"product-type-variable"},"acf":[],"yoast_head":"<!-- This site is optimized with the Yoast SEO plugin v26.2 - https:\/\/yoast.com\/wordpress\/plugins\/seo\/ -->\n<title>Snow Sled - Chillan - EpicEdge<\/title>\n<meta name=\"robots\" content=\"index, follow, max-snippet:-1, max-image-preview:large, max-video-preview:-1\" \/>\n<link rel=\"canonical\" href=\"https:\/\/theepicedge.cl\/es\/producto\/snow-turing-hotel-chillan\/\" \/>\n<meta property=\"og:locale\" content=\"es_ES\" \/>\n<meta property=\"og:type\" content=\"article\" \/>\n<meta property=\"og:title\" content=\"Snow Sled - Chillan - EpicEdge\" \/>\n<meta property=\"og:description\" content=\"Rip through Chile\u2019s pristine powder on a Ski-Doo Summit 850, scouting virgin Andean slopes from Matanzas to Patagonia. Feel like a rockstar as you summit untouched peaks, then shred epic descents under the finest sunsets. Savor luxury meals by a fireside chef in remote snowscapes\u2014an adrenaline-packed escape for kings of the mountain.\" \/>\n<meta property=\"og:url\" content=\"https:\/\/theepicedge.cl\/es\/producto\/snow-turing-hotel-chillan\/\" \/>\n<meta property=\"og:site_name\" content=\"EpicEdge\" \/>\n<meta property=\"article:modified_time\" content=\"2025-05-21T14:31:13+00:00\" \/>\n<meta property=\"og:image\" content=\"https:\/\/theepicedge.cl\/wp-content\/uploads\/2025\/04\/IMG_1223-scaled.webp\" \/>\n\t<meta property=\"og:image:width\" content=\"2560\" \/>\n\t<meta property=\"og:image:height\" content=\"1707\" \/>\n\t<meta property=\"og:image:type\" content=\"image\/webp\" \/>\n<meta name=\"twitter:card\" content=\"summary_large_image\" \/>\n<script type=\"application\/ld+json\" class=\"yoast-schema-graph\">{\"@context\":\"https:\/\/schema.org\",\"@graph\":[{\"@type\":\"WebPage\",\"@id\":\"https:\/\/theepicedge.cl\/product\/snow-turing-hotel-chillan\/\",\"url\":\"https:\/\/theepicedge.cl\/product\/snow-turing-hotel-chillan\/\",\"name\":\"Snow Sled - Chillan - EpicEdge\",\"isPartOf\":{\"@id\":\"https:\/\/theepicedge.cl\/#website\"},\"primaryImageOfPage\":{\"@id\":\"https:\/\/theepicedge.cl\/product\/snow-turing-hotel-chillan\/#primaryimage\"},\"image\":{\"@id\":\"https:\/\/theepicedge.cl\/product\/snow-turing-hotel-chillan\/#primaryimage\"},\"thumbnailUrl\":\"https:\/\/theepicedge.cl\/wp-content\/uploads\/2025\/04\/IMG_1223-scaled.webp\",\"datePublished\":\"2025-04-11T13:19:46+00:00\",\"dateModified\":\"2025-05-21T14:31:13+00:00\",\"breadcrumb\":{\"@id\":\"https:\/\/theepicedge.cl\/product\/snow-turing-hotel-chillan\/#breadcrumb\"},\"inLanguage\":\"es-CL\",\"potentialAction\":[{\"@type\":\"ReadAction\",\"target\":[\"https:\/\/theepicedge.cl\/product\/snow-turing-hotel-chillan\/\"]}]},{\"@type\":\"ImageObject\",\"inLanguage\":\"es-CL\",\"@id\":\"https:\/\/theepicedge.cl\/product\/snow-turing-hotel-chillan\/#primaryimage\",\"url\":\"https:\/\/theepicedge.cl\/wp-content\/uploads\/2025\/04\/IMG_1223-scaled.webp\",\"contentUrl\":\"https:\/\/theepicedge.cl\/wp-content\/uploads\/2025\/04\/IMG_1223-scaled.webp\",\"width\":2560,\"height\":1707},{\"@type\":\"BreadcrumbList\",\"@id\":\"https:\/\/theepicedge.cl\/product\/snow-turing-hotel-chillan\/#breadcrumb\",\"itemListElement\":[{\"@type\":\"ListItem\",\"position\":1,\"name\":\"Home\",\"item\":\"https:\/\/theepicedge.cl\/\"},{\"@type\":\"ListItem\",\"position\":2,\"name\":\"Productos\",\"item\":\"https:\/\/theepicedge.cl\/es\/shop\/\"},{\"@type\":\"ListItem\",\"position\":3,\"name\":\"Snow Sled &#8211; Chillan\"}]},{\"@type\":\"WebSite\",\"@id\":\"https:\/\/theepicedge.cl\/#website\",\"url\":\"https:\/\/theepicedge.cl\/\",\"name\":\"EpicEdge\",\"description\":\"The world most epic adventures\",\"publisher\":{\"@id\":\"https:\/\/theepicedge.cl\/#organization\"},\"potentialAction\":[{\"@type\":\"SearchAction\",\"target\":{\"@type\":\"EntryPoint\",\"urlTemplate\":\"https:\/\/theepicedge.cl\/?s={search_term_string}\"},\"query-input\":{\"@type\":\"PropertyValueSpecification\",\"valueRequired\":true,\"valueName\":\"search_term_string\"}}],\"inLanguage\":\"es-CL\"},{\"@type\":\"Organization\",\"@id\":\"https:\/\/theepicedge.cl\/#organization\",\"name\":\"EpicEdge\",\"url\":\"https:\/\/theepicedge.cl\/\",\"logo\":{\"@type\":\"ImageObject\",\"inLanguage\":\"es-CL\",\"@id\":\"https:\/\/theepicedge.cl\/#\/schema\/logo\/image\/\",\"url\":\"https:\/\/theepicedge.cl\/wp-content\/uploads\/2025\/02\/LogoNegroRosado.png\",\"contentUrl\":\"https:\/\/theepicedge.cl\/wp-content\/uploads\/2025\/02\/LogoNegroRosado.png\",\"width\":2003,\"height\":2211,\"caption\":\"EpicEdge\"},\"image\":{\"@id\":\"https:\/\/theepicedge.cl\/#\/schema\/logo\/image\/\"}}]}<\/script>\n<!-- \/ Yoast SEO plugin. -->","yoast_head_json":{"title":"Snow Sled - Chillan - EpicEdge","robots":{"index":"index","follow":"follow","max-snippet":"max-snippet:-1","max-image-preview":"max-image-preview:large","max-video-preview":"max-video-preview:-1"},"canonical":"https:\/\/theepicedge.cl\/es\/producto\/snow-turing-hotel-chillan\/","og_locale":"es_ES","og_type":"article","og_title":"Snow Sled - Chillan - EpicEdge","og_description":"Rip through Chile\u2019s pristine powder on a Ski-Doo Summit 850, scouting virgin Andean slopes from Matanzas to Patagonia. Feel like a rockstar as you summit untouched peaks, then shred epic descents under the finest sunsets. Savor luxury meals by a fireside chef in remote snowscapes\u2014an adrenaline-packed escape for kings of the mountain.","og_url":"https:\/\/theepicedge.cl\/es\/producto\/snow-turing-hotel-chillan\/","og_site_name":"EpicEdge","article_modified_time":"2025-05-21T14:31:13+00:00","og_image":[{"width":2560,"height":1707,"url":"https:\/\/theepicedge.cl\/wp-content\/uploads\/2025\/04\/IMG_1223-scaled.webp","type":"image\/webp"}],"twitter_card":"summary_large_image","schema":{"@context":"https:\/\/schema.org","@graph":[{"@type":"WebPage","@id":"https:\/\/theepicedge.cl\/product\/snow-turing-hotel-chillan\/","url":"https:\/\/theepicedge.cl\/product\/snow-turing-hotel-chillan\/","name":"Snow Sled - Chillan - EpicEdge","isPartOf":{"@id":"https:\/\/theepicedge.cl\/#website"},"primaryImageOfPage":{"@id":"https:\/\/theepicedge.cl\/product\/snow-turing-hotel-chillan\/#primaryimage"},"image":{"@id":"https:\/\/theepicedge.cl\/product\/snow-turing-hotel-chillan\/#primaryimage"},"thumbnailUrl":"https:\/\/theepicedge.cl\/wp-content\/uploads\/2025\/04\/IMG_1223-scaled.webp","datePublished":"2025-04-11T13:19:46+00:00","dateModified":"2025-05-21T14:31:13+00:00","breadcrumb":{"@id":"https:\/\/theepicedge.cl\/product\/snow-turing-hotel-chillan\/#breadcrumb"},"inLanguage":"es-CL","potentialAction":[{"@type":"ReadAction","target":["https:\/\/theepicedge.cl\/product\/snow-turing-hotel-chillan\/"]}]},{"@type":"ImageObject","inLanguage":"es-CL","@id":"https:\/\/theepicedge.cl\/product\/snow-turing-hotel-chillan\/#primaryimage","url":"https:\/\/theepicedge.cl\/wp-content\/uploads\/2025\/04\/IMG_1223-scaled.webp","contentUrl":"https:\/\/theepicedge.cl\/wp-content\/uploads\/2025\/04\/IMG_1223-scaled.webp","width":2560,"height":1707},{"@type":"BreadcrumbList","@id":"https:\/\/theepicedge.cl\/product\/snow-turing-hotel-chillan\/#breadcrumb","itemListElement":[{"@type":"ListItem","position":1,"name":"Home","item":"https:\/\/theepicedge.cl\/"},{"@type":"ListItem","position":2,"name":"Productos","item":"https:\/\/theepicedge.cl\/es\/shop\/"},{"@type":"ListItem","position":3,"name":"Snow Sled &#8211; Chillan"}]},{"@type":"WebSite","@id":"https:\/\/theepicedge.cl\/#website","url":"https:\/\/theepicedge.cl\/","name":"EpicEdge","description":"The world most epic adventures","publisher":{"@id":"https:\/\/theepicedge.cl\/#organization"},"potentialAction":[{"@type":"SearchAction","target":{"@type":"EntryPoint","urlTemplate":"https:\/\/theepicedge.cl\/?s={search_term_string}"},"query-input":{"@type":"PropertyValueSpecification","valueRequired":true,"valueName":"search_term_string"}}],"inLanguage":"es-CL"},{"@type":"Organization","@id":"https:\/\/theepicedge.cl\/#organization","name":"EpicEdge","url":"https:\/\/theepicedge.cl\/","logo":{"@type":"ImageObject","inLanguage":"es-CL","@id":"https:\/\/theepicedge.cl\/#\/schema\/logo\/image\/","url":"https:\/\/theepicedge.cl\/wp-content\/uploads\/2025\/02\/LogoNegroRosado.png","contentUrl":"https:\/\/theepicedge.cl\/wp-content\/uploads\/2025\/02\/LogoNegroRosado.png","width":2003,"height":2211,"caption":"EpicEdge"},"image":{"@id":"https:\/\/theepicedge.cl\/#\/schema\/logo\/image\/"}}]}},"_links":{"self":[{"href":"https:\/\/theepicedge.cl\/es\/wp-json\/wp\/v2\/product\/2441","targetHints":{"allow":["GET"]}}],"collection":[{"href":"https:\/\/theepicedge.cl\/es\/wp-json\/wp\/v2\/product"}],"about":[{"href":"https:\/\/theepicedge.cl\/es\/wp-json\/wp\/v2\/types\/product"}],"replies":[{"embeddable":true,"href":"https:\/\/theepicedge.cl\/es\/wp-json\/wp\/v2\/comments?post=2441"}],"wp:featuredmedia":[{"embeddable":true,"href":"https:\/\/theepicedge.cl\/es\/wp-json\/wp\/v2\/media\/2450"}],"wp:attachment":[{"href":"https:\/\/theepicedge.cl\/es\/wp-json\/wp\/v2\/media?parent=2441"}],"wp:term":[{"taxonomy":"product_brand","embeddable":true,"href":"https:\/\/theepicedge.cl\/es\/wp-json\/wp\/v2\/product_brand?post=2441"},{"taxonomy":"product_cat","embeddable":true,"href":"https:\/\/theepicedge.cl\/es\/wp-json\/wp\/v2\/product_cat?post=2441"},{"taxonomy":"product_tag","embeddable":true,"href":"https:\/\/theepicedge.cl\/es\/wp-json\/wp\/v2\/product_tag?post=2441"}],"curies":[{"name":"wp","href":"https:\/\/api.w.org\/{rel}","templated":true}]}}