{"id":2075,"date":"2025-04-02T17:44:47","date_gmt":"2025-04-02T17:44:47","guid":{"rendered":"https:\/\/theepicedge.cl\/?post_type=product&#038;p=2075"},"modified":"2026-01-13T19:11:50","modified_gmt":"2026-01-13T19:11:50","slug":"epic-yacht-patagonia","status":"publish","type":"product","link":"https:\/\/theepicedge.cl\/es\/producto\/epic-yacht-patagonia\/","title":{"rendered":"Epic Yate De La Patagonia"},"content":{"rendered":"<div>Navega por los fiordos v\u00edrgenes de la Patagonia chilena a bordo del Sofia Victoria, un yate a motor de 22 metros. Recorre los r\u00edos en moto acu\u00e1tica, pesca con mosca en aguas remotas o realiza un tour en helic\u00f3ptero sobre glaciares ancestrales, todo mientras disfrutas de mariscos frescos y excelentes vinos Viu Manent. Con capacidad para 15 personas, esta odisea de 5 d\u00edas combina aventura pura y desconexi\u00f3n de lujo en el sur m\u00e1s salvaje del mundo.<\/div>","protected":false},"excerpt":{"rendered":"<p>Cruise the untouched fjords of Chilean Patagonia aboard the Sofia Victoria, a 72-ft motor yacht. Jet ski up rivers, fly fish in remote waters, or heli-tour ancient glaciers, all while savoring fresh seafood and fine Viu Manent wines. With space for 15, this 5-day odyssey blends raw adventure and luxury disconnection in the world\u2019s wildest [&hellip;]<\/p>","protected":false},"featured_media":2081,"comment_status":"open","ping_status":"closed","template":"","meta":{"_acf_changed":false,"_glsr_average":0,"_glsr_ranking":0,"_glsr_reviews":0},"product_brand":[],"product_cat":[48,79],"product_tag":[],"class_list":{"0":"post-2075","1":"product","2":"type-product","3":"status-publish","4":"has-post-thumbnail","6":"product_cat-epic-yacht","7":"product_cat-south-chile","9":"first","10":"instock","11":"featured","12":"shipping-taxable","13":"purchasable","14":"product-type-variable"},"acf":[],"yoast_head":"<!-- This site is optimized with the Yoast SEO plugin v26.2 - https:\/\/yoast.com\/wordpress\/plugins\/seo\/ -->\n<title>Epic Yacht Patagonia - EpicEdge<\/title>\n<meta name=\"robots\" content=\"index, follow, max-snippet:-1, max-image-preview:large, max-video-preview:-1\" \/>\n<link rel=\"canonical\" href=\"https:\/\/theepicedge.cl\/es\/producto\/epic-yacht-patagonia\/\" \/>\n<meta property=\"og:locale\" content=\"es_ES\" \/>\n<meta property=\"og:type\" content=\"article\" \/>\n<meta property=\"og:title\" content=\"Epic Yacht Patagonia - EpicEdge\" \/>\n<meta property=\"og:description\" content=\"Cruise the untouched fjords of Chilean Patagonia aboard the Sofia Victoria, a 72-ft motor yacht. Jet ski up rivers, fly fish in remote waters, or heli-tour ancient glaciers, all while savoring fresh seafood and fine Viu Manent wines. With space for 15, this 5-day odyssey blends raw adventure and luxury disconnection in the world\u2019s wildest [&hellip;]\" \/>\n<meta property=\"og:url\" content=\"https:\/\/theepicedge.cl\/es\/producto\/epic-yacht-patagonia\/\" \/>\n<meta property=\"og:site_name\" content=\"EpicEdge\" \/>\n<meta property=\"article:modified_time\" content=\"2026-01-13T19:11:50+00:00\" \/>\n<meta property=\"og:image\" content=\"https:\/\/theepicedge.cl\/wp-content\/uploads\/2025\/04\/IMG_2755-scaled.webp\" \/>\n\t<meta property=\"og:image:width\" content=\"2560\" \/>\n\t<meta property=\"og:image:height\" content=\"1440\" \/>\n\t<meta property=\"og:image:type\" content=\"image\/webp\" \/>\n<meta name=\"twitter:card\" content=\"summary_large_image\" \/>\n<meta name=\"twitter:label1\" content=\"Tiempo estimado de lectura\" \/>\n\t<meta name=\"twitter:data1\" content=\"1 minuto\" \/>\n<script type=\"application\/ld+json\" class=\"yoast-schema-graph\">{\"@context\":\"https:\/\/schema.org\",\"@graph\":[{\"@type\":\"WebPage\",\"@id\":\"https:\/\/theepicedge.cl\/product\/epic-yacht-patagonia\/\",\"url\":\"https:\/\/theepicedge.cl\/product\/epic-yacht-patagonia\/\",\"name\":\"Epic Yacht Patagonia - EpicEdge\",\"isPartOf\":{\"@id\":\"https:\/\/theepicedge.cl\/#website\"},\"primaryImageOfPage\":{\"@id\":\"https:\/\/theepicedge.cl\/product\/epic-yacht-patagonia\/#primaryimage\"},\"image\":{\"@id\":\"https:\/\/theepicedge.cl\/product\/epic-yacht-patagonia\/#primaryimage\"},\"thumbnailUrl\":\"https:\/\/theepicedge.cl\/wp-content\/uploads\/2025\/04\/IMG_2755-scaled.webp\",\"datePublished\":\"2025-04-02T17:44:47+00:00\",\"dateModified\":\"2026-01-13T19:11:50+00:00\",\"breadcrumb\":{\"@id\":\"https:\/\/theepicedge.cl\/product\/epic-yacht-patagonia\/#breadcrumb\"},\"inLanguage\":\"es-CL\",\"potentialAction\":[{\"@type\":\"ReadAction\",\"target\":[\"https:\/\/theepicedge.cl\/product\/epic-yacht-patagonia\/\"]}]},{\"@type\":\"ImageObject\",\"inLanguage\":\"es-CL\",\"@id\":\"https:\/\/theepicedge.cl\/product\/epic-yacht-patagonia\/#primaryimage\",\"url\":\"https:\/\/theepicedge.cl\/wp-content\/uploads\/2025\/04\/IMG_2755-scaled.webp\",\"contentUrl\":\"https:\/\/theepicedge.cl\/wp-content\/uploads\/2025\/04\/IMG_2755-scaled.webp\",\"width\":2560,\"height\":1440},{\"@type\":\"BreadcrumbList\",\"@id\":\"https:\/\/theepicedge.cl\/product\/epic-yacht-patagonia\/#breadcrumb\",\"itemListElement\":[{\"@type\":\"ListItem\",\"position\":1,\"name\":\"Home\",\"item\":\"https:\/\/theepicedge.cl\/\"},{\"@type\":\"ListItem\",\"position\":2,\"name\":\"Productos\",\"item\":\"https:\/\/theepicedge.cl\/es\/shop\/\"},{\"@type\":\"ListItem\",\"position\":3,\"name\":\"Epic Yacht Patagonia\"}]},{\"@type\":\"WebSite\",\"@id\":\"https:\/\/theepicedge.cl\/#website\",\"url\":\"https:\/\/theepicedge.cl\/\",\"name\":\"EpicEdge\",\"description\":\"The world most epic adventures\",\"publisher\":{\"@id\":\"https:\/\/theepicedge.cl\/#organization\"},\"potentialAction\":[{\"@type\":\"SearchAction\",\"target\":{\"@type\":\"EntryPoint\",\"urlTemplate\":\"https:\/\/theepicedge.cl\/?s={search_term_string}\"},\"query-input\":{\"@type\":\"PropertyValueSpecification\",\"valueRequired\":true,\"valueName\":\"search_term_string\"}}],\"inLanguage\":\"es-CL\"},{\"@type\":\"Organization\",\"@id\":\"https:\/\/theepicedge.cl\/#organization\",\"name\":\"EpicEdge\",\"url\":\"https:\/\/theepicedge.cl\/\",\"logo\":{\"@type\":\"ImageObject\",\"inLanguage\":\"es-CL\",\"@id\":\"https:\/\/theepicedge.cl\/#\/schema\/logo\/image\/\",\"url\":\"https:\/\/theepicedge.cl\/wp-content\/uploads\/2025\/02\/LogoNegroRosado.png\",\"contentUrl\":\"https:\/\/theepicedge.cl\/wp-content\/uploads\/2025\/02\/LogoNegroRosado.png\",\"width\":2003,\"height\":2211,\"caption\":\"EpicEdge\"},\"image\":{\"@id\":\"https:\/\/theepicedge.cl\/#\/schema\/logo\/image\/\"}}]}<\/script>\n<!-- \/ Yoast SEO plugin. -->","yoast_head_json":{"title":"Epic Yacht Patagonia - EpicEdge","robots":{"index":"index","follow":"follow","max-snippet":"max-snippet:-1","max-image-preview":"max-image-preview:large","max-video-preview":"max-video-preview:-1"},"canonical":"https:\/\/theepicedge.cl\/es\/producto\/epic-yacht-patagonia\/","og_locale":"es_ES","og_type":"article","og_title":"Epic Yacht Patagonia - EpicEdge","og_description":"Cruise the untouched fjords of Chilean Patagonia aboard the Sofia Victoria, a 72-ft motor yacht. Jet ski up rivers, fly fish in remote waters, or heli-tour ancient glaciers, all while savoring fresh seafood and fine Viu Manent wines. With space for 15, this 5-day odyssey blends raw adventure and luxury disconnection in the world\u2019s wildest [&hellip;]","og_url":"https:\/\/theepicedge.cl\/es\/producto\/epic-yacht-patagonia\/","og_site_name":"EpicEdge","article_modified_time":"2026-01-13T19:11:50+00:00","og_image":[{"width":2560,"height":1440,"url":"https:\/\/theepicedge.cl\/wp-content\/uploads\/2025\/04\/IMG_2755-scaled.webp","type":"image\/webp"}],"twitter_card":"summary_large_image","twitter_misc":{"Tiempo estimado de lectura":"1 minuto"},"schema":{"@context":"https:\/\/schema.org","@graph":[{"@type":"WebPage","@id":"https:\/\/theepicedge.cl\/product\/epic-yacht-patagonia\/","url":"https:\/\/theepicedge.cl\/product\/epic-yacht-patagonia\/","name":"Epic Yacht Patagonia - EpicEdge","isPartOf":{"@id":"https:\/\/theepicedge.cl\/#website"},"primaryImageOfPage":{"@id":"https:\/\/theepicedge.cl\/product\/epic-yacht-patagonia\/#primaryimage"},"image":{"@id":"https:\/\/theepicedge.cl\/product\/epic-yacht-patagonia\/#primaryimage"},"thumbnailUrl":"https:\/\/theepicedge.cl\/wp-content\/uploads\/2025\/04\/IMG_2755-scaled.webp","datePublished":"2025-04-02T17:44:47+00:00","dateModified":"2026-01-13T19:11:50+00:00","breadcrumb":{"@id":"https:\/\/theepicedge.cl\/product\/epic-yacht-patagonia\/#breadcrumb"},"inLanguage":"es-CL","potentialAction":[{"@type":"ReadAction","target":["https:\/\/theepicedge.cl\/product\/epic-yacht-patagonia\/"]}]},{"@type":"ImageObject","inLanguage":"es-CL","@id":"https:\/\/theepicedge.cl\/product\/epic-yacht-patagonia\/#primaryimage","url":"https:\/\/theepicedge.cl\/wp-content\/uploads\/2025\/04\/IMG_2755-scaled.webp","contentUrl":"https:\/\/theepicedge.cl\/wp-content\/uploads\/2025\/04\/IMG_2755-scaled.webp","width":2560,"height":1440},{"@type":"BreadcrumbList","@id":"https:\/\/theepicedge.cl\/product\/epic-yacht-patagonia\/#breadcrumb","itemListElement":[{"@type":"ListItem","position":1,"name":"Home","item":"https:\/\/theepicedge.cl\/"},{"@type":"ListItem","position":2,"name":"Productos","item":"https:\/\/theepicedge.cl\/es\/shop\/"},{"@type":"ListItem","position":3,"name":"Epic Yacht Patagonia"}]},{"@type":"WebSite","@id":"https:\/\/theepicedge.cl\/#website","url":"https:\/\/theepicedge.cl\/","name":"EpicEdge","description":"The world most epic adventures","publisher":{"@id":"https:\/\/theepicedge.cl\/#organization"},"potentialAction":[{"@type":"SearchAction","target":{"@type":"EntryPoint","urlTemplate":"https:\/\/theepicedge.cl\/?s={search_term_string}"},"query-input":{"@type":"PropertyValueSpecification","valueRequired":true,"valueName":"search_term_string"}}],"inLanguage":"es-CL"},{"@type":"Organization","@id":"https:\/\/theepicedge.cl\/#organization","name":"EpicEdge","url":"https:\/\/theepicedge.cl\/","logo":{"@type":"ImageObject","inLanguage":"es-CL","@id":"https:\/\/theepicedge.cl\/#\/schema\/logo\/image\/","url":"https:\/\/theepicedge.cl\/wp-content\/uploads\/2025\/02\/LogoNegroRosado.png","contentUrl":"https:\/\/theepicedge.cl\/wp-content\/uploads\/2025\/02\/LogoNegroRosado.png","width":2003,"height":2211,"caption":"EpicEdge"},"image":{"@id":"https:\/\/theepicedge.cl\/#\/schema\/logo\/image\/"}}]}},"_links":{"self":[{"href":"https:\/\/theepicedge.cl\/es\/wp-json\/wp\/v2\/product\/2075","targetHints":{"allow":["GET"]}}],"collection":[{"href":"https:\/\/theepicedge.cl\/es\/wp-json\/wp\/v2\/product"}],"about":[{"href":"https:\/\/theepicedge.cl\/es\/wp-json\/wp\/v2\/types\/product"}],"replies":[{"embeddable":true,"href":"https:\/\/theepicedge.cl\/es\/wp-json\/wp\/v2\/comments?post=2075"}],"wp:featuredmedia":[{"embeddable":true,"href":"https:\/\/theepicedge.cl\/es\/wp-json\/wp\/v2\/media\/2081"}],"wp:attachment":[{"href":"https:\/\/theepicedge.cl\/es\/wp-json\/wp\/v2\/media?parent=2075"}],"wp:term":[{"taxonomy":"product_brand","embeddable":true,"href":"https:\/\/theepicedge.cl\/es\/wp-json\/wp\/v2\/product_brand?post=2075"},{"taxonomy":"product_cat","embeddable":true,"href":"https:\/\/theepicedge.cl\/es\/wp-json\/wp\/v2\/product_cat?post=2075"},{"taxonomy":"product_tag","embeddable":true,"href":"https:\/\/theepicedge.cl\/es\/wp-json\/wp\/v2\/product_tag?post=2075"}],"curies":[{"name":"wp","href":"https:\/\/api.w.org\/{rel}","templated":true}]}}