{"id":1959,"date":"2025-03-27T20:32:42","date_gmt":"2025-03-27T20:32:42","guid":{"rendered":"https:\/\/theepicedge.cl\/?post_type=product&#038;p=1959"},"modified":"2025-05-21T15:48:17","modified_gmt":"2025-05-21T15:48:17","slug":"heli-wine-vibo-hotel","status":"publish","type":"product","link":"https:\/\/theepicedge.cl\/es\/producto\/heli-wine-vibo-hotel\/","title":{"rendered":"Heli Wine \u2013 Hotel Vibo"},"content":{"rendered":"<div>Sobrevuele los soleados Valles Centrales de Chile para descubrir el coraz\u00f3n de su mundialmente famosa regi\u00f3n vin\u00edcola. Desde el pintoresco Hotel Vibo, explore vi\u00f1edos emblem\u00e1ticos en helic\u00f3ptero o veh\u00edculo, saboreando Carmen\u00e8re y Sauvignon Blanc en medio de impresionantes paisajes. Ya sea principiante o experto, saboree asados gourmet y relatos de vi\u00f1edos: un viaje embriagador de sabor y aventura.<\/div>","protected":false},"excerpt":{"rendered":"<p>Sobrevuele los soleados Valles Centrales de Chile para descubrir el coraz\u00f3n de su mundialmente famosa regi\u00f3n vin\u00edcola. Desde el pintoresco Hotel Vibo, explore vi\u00f1edos emblem\u00e1ticos en helic\u00f3ptero o veh\u00edculo, saboreando Carmen\u00e8re y Sauvignon Blanc en medio de impresionantes paisajes. Ya sea principiante o experto, saboree asados gourmet y relatos de vi\u00f1edos: un viaje embriagador de sabor y aventura.<\/p>","protected":false},"featured_media":1913,"comment_status":"open","ping_status":"closed","template":"","meta":{"_acf_changed":false,"_glsr_average":0,"_glsr_ranking":0,"_glsr_reviews":0},"product_brand":[],"product_cat":[78,56,29],"product_tag":[],"class_list":{"0":"post-1959","1":"product","2":"type-product","3":"status-publish","4":"has-post-thumbnail","6":"product_cat-central-chile","7":"product_cat-enjoy","8":"product_cat-epic-wine","10":"first","11":"instock","12":"featured","13":"shipping-taxable","14":"purchasable","15":"product-type-variable"},"acf":[],"yoast_head":"<!-- This site is optimized with the Yoast SEO plugin v26.2 - https:\/\/yoast.com\/wordpress\/plugins\/seo\/ -->\n<title>Heli Wine - Vibo Hotel - EpicEdge<\/title>\n<meta name=\"robots\" content=\"index, follow, max-snippet:-1, max-image-preview:large, max-video-preview:-1\" \/>\n<link rel=\"canonical\" href=\"https:\/\/theepicedge.cl\/es\/producto\/heli-wine-vibo-hotel\/\" \/>\n<meta property=\"og:locale\" content=\"es_ES\" \/>\n<meta property=\"og:type\" content=\"article\" \/>\n<meta property=\"og:title\" content=\"Heli Wine - Vibo Hotel - EpicEdge\" \/>\n<meta property=\"og:description\" content=\"Soar over Chile\u2019s sun-kissed Central Valleys to uncover the heart of its world-renowned wine country. From the scenic Hotel Vibo, explore iconic vineyards by helicopter or vehicle, sipping Carmenere and Sauvignon Blanc amid stunning landscapes. Whether you\u2019re a novice or a connoisseur, savor gourmet asados and vineyard tales\u2014an intoxicating journey of flavor and adventure.\" \/>\n<meta property=\"og:url\" content=\"https:\/\/theepicedge.cl\/es\/producto\/heli-wine-vibo-hotel\/\" \/>\n<meta property=\"og:site_name\" content=\"EpicEdge\" \/>\n<meta property=\"article:modified_time\" content=\"2025-05-21T15:48:17+00:00\" \/>\n<meta property=\"og:image\" content=\"https:\/\/theepicedge.cl\/wp-content\/uploads\/2025\/03\/VIBO-WINE-LODGE-SUNSET-scaled.webp\" \/>\n\t<meta property=\"og:image:width\" content=\"2560\" \/>\n\t<meta property=\"og:image:height\" content=\"1707\" \/>\n\t<meta property=\"og:image:type\" content=\"image\/webp\" \/>\n<meta name=\"twitter:card\" content=\"summary_large_image\" \/>\n<script type=\"application\/ld+json\" class=\"yoast-schema-graph\">{\"@context\":\"https:\/\/schema.org\",\"@graph\":[{\"@type\":\"WebPage\",\"@id\":\"https:\/\/theepicedge.cl\/product\/heli-wine-vibo-hotel\/\",\"url\":\"https:\/\/theepicedge.cl\/product\/heli-wine-vibo-hotel\/\",\"name\":\"Heli Wine - Vibo Hotel - EpicEdge\",\"isPartOf\":{\"@id\":\"https:\/\/theepicedge.cl\/#website\"},\"primaryImageOfPage\":{\"@id\":\"https:\/\/theepicedge.cl\/product\/heli-wine-vibo-hotel\/#primaryimage\"},\"image\":{\"@id\":\"https:\/\/theepicedge.cl\/product\/heli-wine-vibo-hotel\/#primaryimage\"},\"thumbnailUrl\":\"https:\/\/theepicedge.cl\/wp-content\/uploads\/2025\/03\/VIBO-WINE-LODGE-SUNSET-scaled.webp\",\"datePublished\":\"2025-03-27T20:32:42+00:00\",\"dateModified\":\"2025-05-21T15:48:17+00:00\",\"breadcrumb\":{\"@id\":\"https:\/\/theepicedge.cl\/product\/heli-wine-vibo-hotel\/#breadcrumb\"},\"inLanguage\":\"es-CL\",\"potentialAction\":[{\"@type\":\"ReadAction\",\"target\":[\"https:\/\/theepicedge.cl\/product\/heli-wine-vibo-hotel\/\"]}]},{\"@type\":\"ImageObject\",\"inLanguage\":\"es-CL\",\"@id\":\"https:\/\/theepicedge.cl\/product\/heli-wine-vibo-hotel\/#primaryimage\",\"url\":\"https:\/\/theepicedge.cl\/wp-content\/uploads\/2025\/03\/VIBO-WINE-LODGE-SUNSET-scaled.webp\",\"contentUrl\":\"https:\/\/theepicedge.cl\/wp-content\/uploads\/2025\/03\/VIBO-WINE-LODGE-SUNSET-scaled.webp\",\"width\":2560,\"height\":1707},{\"@type\":\"BreadcrumbList\",\"@id\":\"https:\/\/theepicedge.cl\/product\/heli-wine-vibo-hotel\/#breadcrumb\",\"itemListElement\":[{\"@type\":\"ListItem\",\"position\":1,\"name\":\"Home\",\"item\":\"https:\/\/theepicedge.cl\/\"},{\"@type\":\"ListItem\",\"position\":2,\"name\":\"Productos\",\"item\":\"https:\/\/theepicedge.cl\/es\/shop\/\"},{\"@type\":\"ListItem\",\"position\":3,\"name\":\"Heli Wine &#8211; Vibo Hotel\"}]},{\"@type\":\"WebSite\",\"@id\":\"https:\/\/theepicedge.cl\/#website\",\"url\":\"https:\/\/theepicedge.cl\/\",\"name\":\"EpicEdge\",\"description\":\"The world most epic adventures\",\"publisher\":{\"@id\":\"https:\/\/theepicedge.cl\/#organization\"},\"potentialAction\":[{\"@type\":\"SearchAction\",\"target\":{\"@type\":\"EntryPoint\",\"urlTemplate\":\"https:\/\/theepicedge.cl\/?s={search_term_string}\"},\"query-input\":{\"@type\":\"PropertyValueSpecification\",\"valueRequired\":true,\"valueName\":\"search_term_string\"}}],\"inLanguage\":\"es-CL\"},{\"@type\":\"Organization\",\"@id\":\"https:\/\/theepicedge.cl\/#organization\",\"name\":\"EpicEdge\",\"url\":\"https:\/\/theepicedge.cl\/\",\"logo\":{\"@type\":\"ImageObject\",\"inLanguage\":\"es-CL\",\"@id\":\"https:\/\/theepicedge.cl\/#\/schema\/logo\/image\/\",\"url\":\"https:\/\/theepicedge.cl\/wp-content\/uploads\/2025\/02\/LogoNegroRosado.png\",\"contentUrl\":\"https:\/\/theepicedge.cl\/wp-content\/uploads\/2025\/02\/LogoNegroRosado.png\",\"width\":2003,\"height\":2211,\"caption\":\"EpicEdge\"},\"image\":{\"@id\":\"https:\/\/theepicedge.cl\/#\/schema\/logo\/image\/\"}}]}<\/script>\n<!-- \/ Yoast SEO plugin. -->","yoast_head_json":{"title":"Heli Wine - Vibo Hotel - EpicEdge","robots":{"index":"index","follow":"follow","max-snippet":"max-snippet:-1","max-image-preview":"max-image-preview:large","max-video-preview":"max-video-preview:-1"},"canonical":"https:\/\/theepicedge.cl\/es\/producto\/heli-wine-vibo-hotel\/","og_locale":"es_ES","og_type":"article","og_title":"Heli Wine - Vibo Hotel - EpicEdge","og_description":"Soar over Chile\u2019s sun-kissed Central Valleys to uncover the heart of its world-renowned wine country. From the scenic Hotel Vibo, explore iconic vineyards by helicopter or vehicle, sipping Carmenere and Sauvignon Blanc amid stunning landscapes. Whether you\u2019re a novice or a connoisseur, savor gourmet asados and vineyard tales\u2014an intoxicating journey of flavor and adventure.","og_url":"https:\/\/theepicedge.cl\/es\/producto\/heli-wine-vibo-hotel\/","og_site_name":"EpicEdge","article_modified_time":"2025-05-21T15:48:17+00:00","og_image":[{"width":2560,"height":1707,"url":"https:\/\/theepicedge.cl\/wp-content\/uploads\/2025\/03\/VIBO-WINE-LODGE-SUNSET-scaled.webp","type":"image\/webp"}],"twitter_card":"summary_large_image","schema":{"@context":"https:\/\/schema.org","@graph":[{"@type":"WebPage","@id":"https:\/\/theepicedge.cl\/product\/heli-wine-vibo-hotel\/","url":"https:\/\/theepicedge.cl\/product\/heli-wine-vibo-hotel\/","name":"Heli Wine - Vibo Hotel - EpicEdge","isPartOf":{"@id":"https:\/\/theepicedge.cl\/#website"},"primaryImageOfPage":{"@id":"https:\/\/theepicedge.cl\/product\/heli-wine-vibo-hotel\/#primaryimage"},"image":{"@id":"https:\/\/theepicedge.cl\/product\/heli-wine-vibo-hotel\/#primaryimage"},"thumbnailUrl":"https:\/\/theepicedge.cl\/wp-content\/uploads\/2025\/03\/VIBO-WINE-LODGE-SUNSET-scaled.webp","datePublished":"2025-03-27T20:32:42+00:00","dateModified":"2025-05-21T15:48:17+00:00","breadcrumb":{"@id":"https:\/\/theepicedge.cl\/product\/heli-wine-vibo-hotel\/#breadcrumb"},"inLanguage":"es-CL","potentialAction":[{"@type":"ReadAction","target":["https:\/\/theepicedge.cl\/product\/heli-wine-vibo-hotel\/"]}]},{"@type":"ImageObject","inLanguage":"es-CL","@id":"https:\/\/theepicedge.cl\/product\/heli-wine-vibo-hotel\/#primaryimage","url":"https:\/\/theepicedge.cl\/wp-content\/uploads\/2025\/03\/VIBO-WINE-LODGE-SUNSET-scaled.webp","contentUrl":"https:\/\/theepicedge.cl\/wp-content\/uploads\/2025\/03\/VIBO-WINE-LODGE-SUNSET-scaled.webp","width":2560,"height":1707},{"@type":"BreadcrumbList","@id":"https:\/\/theepicedge.cl\/product\/heli-wine-vibo-hotel\/#breadcrumb","itemListElement":[{"@type":"ListItem","position":1,"name":"Home","item":"https:\/\/theepicedge.cl\/"},{"@type":"ListItem","position":2,"name":"Productos","item":"https:\/\/theepicedge.cl\/es\/shop\/"},{"@type":"ListItem","position":3,"name":"Heli Wine &#8211; Vibo Hotel"}]},{"@type":"WebSite","@id":"https:\/\/theepicedge.cl\/#website","url":"https:\/\/theepicedge.cl\/","name":"EpicEdge","description":"The world most epic adventures","publisher":{"@id":"https:\/\/theepicedge.cl\/#organization"},"potentialAction":[{"@type":"SearchAction","target":{"@type":"EntryPoint","urlTemplate":"https:\/\/theepicedge.cl\/?s={search_term_string}"},"query-input":{"@type":"PropertyValueSpecification","valueRequired":true,"valueName":"search_term_string"}}],"inLanguage":"es-CL"},{"@type":"Organization","@id":"https:\/\/theepicedge.cl\/#organization","name":"EpicEdge","url":"https:\/\/theepicedge.cl\/","logo":{"@type":"ImageObject","inLanguage":"es-CL","@id":"https:\/\/theepicedge.cl\/#\/schema\/logo\/image\/","url":"https:\/\/theepicedge.cl\/wp-content\/uploads\/2025\/02\/LogoNegroRosado.png","contentUrl":"https:\/\/theepicedge.cl\/wp-content\/uploads\/2025\/02\/LogoNegroRosado.png","width":2003,"height":2211,"caption":"EpicEdge"},"image":{"@id":"https:\/\/theepicedge.cl\/#\/schema\/logo\/image\/"}}]}},"_links":{"self":[{"href":"https:\/\/theepicedge.cl\/es\/wp-json\/wp\/v2\/product\/1959","targetHints":{"allow":["GET"]}}],"collection":[{"href":"https:\/\/theepicedge.cl\/es\/wp-json\/wp\/v2\/product"}],"about":[{"href":"https:\/\/theepicedge.cl\/es\/wp-json\/wp\/v2\/types\/product"}],"replies":[{"embeddable":true,"href":"https:\/\/theepicedge.cl\/es\/wp-json\/wp\/v2\/comments?post=1959"}],"wp:featuredmedia":[{"embeddable":true,"href":"https:\/\/theepicedge.cl\/es\/wp-json\/wp\/v2\/media\/1913"}],"wp:attachment":[{"href":"https:\/\/theepicedge.cl\/es\/wp-json\/wp\/v2\/media?parent=1959"}],"wp:term":[{"taxonomy":"product_brand","embeddable":true,"href":"https:\/\/theepicedge.cl\/es\/wp-json\/wp\/v2\/product_brand?post=1959"},{"taxonomy":"product_cat","embeddable":true,"href":"https:\/\/theepicedge.cl\/es\/wp-json\/wp\/v2\/product_cat?post=1959"},{"taxonomy":"product_tag","embeddable":true,"href":"https:\/\/theepicedge.cl\/es\/wp-json\/wp\/v2\/product_tag?post=1959"}],"curies":[{"name":"wp","href":"https:\/\/api.w.org\/{rel}","templated":true}]}}