{"id":1761,"date":"2025-03-25T22:16:01","date_gmt":"2025-03-25T22:16:01","guid":{"rendered":"https:\/\/theepicedge.cl\/?post_type=product&#038;p=1761"},"modified":"2025-05-21T15:06:58","modified_gmt":"2025-05-21T15:06:58","slug":"heli-fly-fishing-tawa","status":"publish","type":"product","link":"https:\/\/theepicedge.cl\/es\/producto\/heli-fly-fishing-tawa\/","title":{"rendered":"Pesca con mosca en helic\u00f3ptero \u2013 Refugio Tawa"},"content":{"rendered":"<div>Emb\u00e1rcate en una odisea de pesca con mosca a trav\u00e9s de la ind\u00f3mita Patagonia del sur de Chile.<\/div>\n<div><\/div>\n<div>Desde r\u00edos rugientes hasta lagunas serenas y sin nombre y fiordos enclavados entre los Andes y el Pac\u00edfico, esta aventura ofrece recorridos infinitos en medio de paisajes impresionantes.<\/div>\n<div><\/div>\n<div>Persiga truchas y salmones trofeo en aguas tan diversas como sus t\u00e9cnicas: le espera la libertad pura de pescar.<\/div>","protected":false},"excerpt":{"rendered":"<p>Embark on a fly-fishing odyssey through the untamed Patagonia of southern Chile. From roaring rivers to serene, nameless lagoons and fjords nestled between the Andes and the Pacific, this adventure offers endless casts amid breathtaking scenery. Chase trophy trout and salmon in waters as diverse as your techniques\u2014pure angling freedom awaits.<\/p>","protected":false},"featured_media":1797,"comment_status":"open","ping_status":"closed","template":"","meta":{"_acf_changed":false,"_glsr_average":0,"_glsr_ranking":0,"_glsr_reviews":0},"product_brand":[],"product_cat":[56,50,55,79],"product_tag":[],"class_list":{"0":"post-1761","1":"product","2":"type-product","3":"status-publish","4":"has-post-thumbnail","6":"product_cat-enjoy","7":"product_cat-epic-fishing","8":"product_cat-light-sports","9":"product_cat-south-chile","11":"first","12":"instock","13":"featured","14":"shipping-taxable","15":"purchasable","16":"product-type-variable"},"acf":[],"yoast_head":"<!-- This site is optimized with the Yoast SEO plugin v26.2 - https:\/\/yoast.com\/wordpress\/plugins\/seo\/ -->\n<title>Heli Fly Fishing - Tawa Refugio - EpicEdge<\/title>\n<meta name=\"robots\" content=\"index, follow, max-snippet:-1, max-image-preview:large, max-video-preview:-1\" \/>\n<link rel=\"canonical\" href=\"https:\/\/theepicedge.cl\/es\/producto\/heli-fly-fishing-tawa\/\" \/>\n<meta property=\"og:locale\" content=\"es_ES\" \/>\n<meta property=\"og:type\" content=\"article\" \/>\n<meta property=\"og:title\" content=\"Heli Fly Fishing - Tawa Refugio - EpicEdge\" \/>\n<meta property=\"og:description\" content=\"Embark on a fly-fishing odyssey through the untamed Patagonia of southern Chile. From roaring rivers to serene, nameless lagoons and fjords nestled between the Andes and the Pacific, this adventure offers endless casts amid breathtaking scenery. Chase trophy trout and salmon in waters as diverse as your techniques\u2014pure angling freedom awaits.\" \/>\n<meta property=\"og:url\" content=\"https:\/\/theepicedge.cl\/es\/producto\/heli-fly-fishing-tawa\/\" \/>\n<meta property=\"og:site_name\" content=\"EpicEdge\" \/>\n<meta property=\"article:modified_time\" content=\"2025-05-21T15:06:58+00:00\" \/>\n<meta property=\"og:image\" content=\"https:\/\/theepicedge.cl\/wp-content\/uploads\/2025\/03\/Screenshot-2025-03-25-at-7.28.14\u202fPM.webp\" \/>\n\t<meta property=\"og:image:width\" content=\"1553\" \/>\n\t<meta property=\"og:image:height\" content=\"1112\" \/>\n\t<meta property=\"og:image:type\" content=\"image\/webp\" \/>\n<meta name=\"twitter:card\" content=\"summary_large_image\" \/>\n<script type=\"application\/ld+json\" class=\"yoast-schema-graph\">{\"@context\":\"https:\/\/schema.org\",\"@graph\":[{\"@type\":\"WebPage\",\"@id\":\"https:\/\/theepicedge.cl\/product\/heli-fly-fishing-tawa\/\",\"url\":\"https:\/\/theepicedge.cl\/product\/heli-fly-fishing-tawa\/\",\"name\":\"Heli Fly Fishing - Tawa Refugio - EpicEdge\",\"isPartOf\":{\"@id\":\"https:\/\/theepicedge.cl\/#website\"},\"primaryImageOfPage\":{\"@id\":\"https:\/\/theepicedge.cl\/product\/heli-fly-fishing-tawa\/#primaryimage\"},\"image\":{\"@id\":\"https:\/\/theepicedge.cl\/product\/heli-fly-fishing-tawa\/#primaryimage\"},\"thumbnailUrl\":\"https:\/\/theepicedge.cl\/wp-content\/uploads\/2025\/03\/Screenshot-2025-03-25-at-7.28.14\u202fPM.webp\",\"datePublished\":\"2025-03-25T22:16:01+00:00\",\"dateModified\":\"2025-05-21T15:06:58+00:00\",\"breadcrumb\":{\"@id\":\"https:\/\/theepicedge.cl\/product\/heli-fly-fishing-tawa\/#breadcrumb\"},\"inLanguage\":\"es-CL\",\"potentialAction\":[{\"@type\":\"ReadAction\",\"target\":[\"https:\/\/theepicedge.cl\/product\/heli-fly-fishing-tawa\/\"]}]},{\"@type\":\"ImageObject\",\"inLanguage\":\"es-CL\",\"@id\":\"https:\/\/theepicedge.cl\/product\/heli-fly-fishing-tawa\/#primaryimage\",\"url\":\"https:\/\/theepicedge.cl\/wp-content\/uploads\/2025\/03\/Screenshot-2025-03-25-at-7.28.14\u202fPM.webp\",\"contentUrl\":\"https:\/\/theepicedge.cl\/wp-content\/uploads\/2025\/03\/Screenshot-2025-03-25-at-7.28.14\u202fPM.webp\",\"width\":1553,\"height\":1112},{\"@type\":\"BreadcrumbList\",\"@id\":\"https:\/\/theepicedge.cl\/product\/heli-fly-fishing-tawa\/#breadcrumb\",\"itemListElement\":[{\"@type\":\"ListItem\",\"position\":1,\"name\":\"Home\",\"item\":\"https:\/\/theepicedge.cl\/\"},{\"@type\":\"ListItem\",\"position\":2,\"name\":\"Productos\",\"item\":\"https:\/\/theepicedge.cl\/es\/shop\/\"},{\"@type\":\"ListItem\",\"position\":3,\"name\":\"Heli Fly Fishing &#8211; Tawa Refugio\"}]},{\"@type\":\"WebSite\",\"@id\":\"https:\/\/theepicedge.cl\/#website\",\"url\":\"https:\/\/theepicedge.cl\/\",\"name\":\"EpicEdge\",\"description\":\"The world most epic adventures\",\"publisher\":{\"@id\":\"https:\/\/theepicedge.cl\/#organization\"},\"potentialAction\":[{\"@type\":\"SearchAction\",\"target\":{\"@type\":\"EntryPoint\",\"urlTemplate\":\"https:\/\/theepicedge.cl\/?s={search_term_string}\"},\"query-input\":{\"@type\":\"PropertyValueSpecification\",\"valueRequired\":true,\"valueName\":\"search_term_string\"}}],\"inLanguage\":\"es-CL\"},{\"@type\":\"Organization\",\"@id\":\"https:\/\/theepicedge.cl\/#organization\",\"name\":\"EpicEdge\",\"url\":\"https:\/\/theepicedge.cl\/\",\"logo\":{\"@type\":\"ImageObject\",\"inLanguage\":\"es-CL\",\"@id\":\"https:\/\/theepicedge.cl\/#\/schema\/logo\/image\/\",\"url\":\"https:\/\/theepicedge.cl\/wp-content\/uploads\/2025\/02\/LogoNegroRosado.png\",\"contentUrl\":\"https:\/\/theepicedge.cl\/wp-content\/uploads\/2025\/02\/LogoNegroRosado.png\",\"width\":2003,\"height\":2211,\"caption\":\"EpicEdge\"},\"image\":{\"@id\":\"https:\/\/theepicedge.cl\/#\/schema\/logo\/image\/\"}}]}<\/script>\n<!-- \/ Yoast SEO plugin. -->","yoast_head_json":{"title":"Heli Fly Fishing - Tawa Refugio - EpicEdge","robots":{"index":"index","follow":"follow","max-snippet":"max-snippet:-1","max-image-preview":"max-image-preview:large","max-video-preview":"max-video-preview:-1"},"canonical":"https:\/\/theepicedge.cl\/es\/producto\/heli-fly-fishing-tawa\/","og_locale":"es_ES","og_type":"article","og_title":"Heli Fly Fishing - Tawa Refugio - EpicEdge","og_description":"Embark on a fly-fishing odyssey through the untamed Patagonia of southern Chile. From roaring rivers to serene, nameless lagoons and fjords nestled between the Andes and the Pacific, this adventure offers endless casts amid breathtaking scenery. Chase trophy trout and salmon in waters as diverse as your techniques\u2014pure angling freedom awaits.","og_url":"https:\/\/theepicedge.cl\/es\/producto\/heli-fly-fishing-tawa\/","og_site_name":"EpicEdge","article_modified_time":"2025-05-21T15:06:58+00:00","og_image":[{"width":1553,"height":1112,"url":"https:\/\/theepicedge.cl\/wp-content\/uploads\/2025\/03\/Screenshot-2025-03-25-at-7.28.14\u202fPM.webp","type":"image\/webp"}],"twitter_card":"summary_large_image","schema":{"@context":"https:\/\/schema.org","@graph":[{"@type":"WebPage","@id":"https:\/\/theepicedge.cl\/product\/heli-fly-fishing-tawa\/","url":"https:\/\/theepicedge.cl\/product\/heli-fly-fishing-tawa\/","name":"Heli Fly Fishing - Tawa Refugio - EpicEdge","isPartOf":{"@id":"https:\/\/theepicedge.cl\/#website"},"primaryImageOfPage":{"@id":"https:\/\/theepicedge.cl\/product\/heli-fly-fishing-tawa\/#primaryimage"},"image":{"@id":"https:\/\/theepicedge.cl\/product\/heli-fly-fishing-tawa\/#primaryimage"},"thumbnailUrl":"https:\/\/theepicedge.cl\/wp-content\/uploads\/2025\/03\/Screenshot-2025-03-25-at-7.28.14\u202fPM.webp","datePublished":"2025-03-25T22:16:01+00:00","dateModified":"2025-05-21T15:06:58+00:00","breadcrumb":{"@id":"https:\/\/theepicedge.cl\/product\/heli-fly-fishing-tawa\/#breadcrumb"},"inLanguage":"es-CL","potentialAction":[{"@type":"ReadAction","target":["https:\/\/theepicedge.cl\/product\/heli-fly-fishing-tawa\/"]}]},{"@type":"ImageObject","inLanguage":"es-CL","@id":"https:\/\/theepicedge.cl\/product\/heli-fly-fishing-tawa\/#primaryimage","url":"https:\/\/theepicedge.cl\/wp-content\/uploads\/2025\/03\/Screenshot-2025-03-25-at-7.28.14\u202fPM.webp","contentUrl":"https:\/\/theepicedge.cl\/wp-content\/uploads\/2025\/03\/Screenshot-2025-03-25-at-7.28.14\u202fPM.webp","width":1553,"height":1112},{"@type":"BreadcrumbList","@id":"https:\/\/theepicedge.cl\/product\/heli-fly-fishing-tawa\/#breadcrumb","itemListElement":[{"@type":"ListItem","position":1,"name":"Home","item":"https:\/\/theepicedge.cl\/"},{"@type":"ListItem","position":2,"name":"Productos","item":"https:\/\/theepicedge.cl\/es\/shop\/"},{"@type":"ListItem","position":3,"name":"Heli Fly Fishing &#8211; Tawa Refugio"}]},{"@type":"WebSite","@id":"https:\/\/theepicedge.cl\/#website","url":"https:\/\/theepicedge.cl\/","name":"EpicEdge","description":"The world most epic adventures","publisher":{"@id":"https:\/\/theepicedge.cl\/#organization"},"potentialAction":[{"@type":"SearchAction","target":{"@type":"EntryPoint","urlTemplate":"https:\/\/theepicedge.cl\/?s={search_term_string}"},"query-input":{"@type":"PropertyValueSpecification","valueRequired":true,"valueName":"search_term_string"}}],"inLanguage":"es-CL"},{"@type":"Organization","@id":"https:\/\/theepicedge.cl\/#organization","name":"EpicEdge","url":"https:\/\/theepicedge.cl\/","logo":{"@type":"ImageObject","inLanguage":"es-CL","@id":"https:\/\/theepicedge.cl\/#\/schema\/logo\/image\/","url":"https:\/\/theepicedge.cl\/wp-content\/uploads\/2025\/02\/LogoNegroRosado.png","contentUrl":"https:\/\/theepicedge.cl\/wp-content\/uploads\/2025\/02\/LogoNegroRosado.png","width":2003,"height":2211,"caption":"EpicEdge"},"image":{"@id":"https:\/\/theepicedge.cl\/#\/schema\/logo\/image\/"}}]}},"_links":{"self":[{"href":"https:\/\/theepicedge.cl\/es\/wp-json\/wp\/v2\/product\/1761","targetHints":{"allow":["GET"]}}],"collection":[{"href":"https:\/\/theepicedge.cl\/es\/wp-json\/wp\/v2\/product"}],"about":[{"href":"https:\/\/theepicedge.cl\/es\/wp-json\/wp\/v2\/types\/product"}],"replies":[{"embeddable":true,"href":"https:\/\/theepicedge.cl\/es\/wp-json\/wp\/v2\/comments?post=1761"}],"wp:featuredmedia":[{"embeddable":true,"href":"https:\/\/theepicedge.cl\/es\/wp-json\/wp\/v2\/media\/1797"}],"wp:attachment":[{"href":"https:\/\/theepicedge.cl\/es\/wp-json\/wp\/v2\/media?parent=1761"}],"wp:term":[{"taxonomy":"product_brand","embeddable":true,"href":"https:\/\/theepicedge.cl\/es\/wp-json\/wp\/v2\/product_brand?post=1761"},{"taxonomy":"product_cat","embeddable":true,"href":"https:\/\/theepicedge.cl\/es\/wp-json\/wp\/v2\/product_cat?post=1761"},{"taxonomy":"product_tag","embeddable":true,"href":"https:\/\/theepicedge.cl\/es\/wp-json\/wp\/v2\/product_tag?post=1761"}],"curies":[{"name":"wp","href":"https:\/\/api.w.org\/{rel}","templated":true}]}}